{"id":317,"date":"2024-03-10T17:42:15","date_gmt":"2024-03-10T17:42:15","guid":{"rendered":"http:\/\/denis.bayer.pages.hak-schwaz.at\/?page_id=317"},"modified":"2024-03-14T20:22:27","modified_gmt":"2024-03-14T20:22:27","slug":"jahrgang-4-koea","status":"publish","type":"page","link":"https:\/\/denis.bayer.pages.hak-schwaz.at\/?page_id=317","title":{"rendered":"Jahrgang 4 KOEA"},"content":{"rendered":"\n<h3 class=\"wp-block-heading\">Persona-Analyse<\/h3>\n\n\n\n<p>Um eine Zielgruppe n\u00e4her bestimmen zu k\u00f6nnen, erstellt man eine Persona. Diese haben Pers\u00f6nlichkeiten und Eigenschaften und dienen zur besseren Vorstellung der Kundenpr\u00e4ferenzen. Wir haben hier gelernt wie man eine solche Analyse durchf\u00fchrt. Die Inspiration erfolgte am Mitsch\u00fcler Fabian Neubacher.<\/p>\n\n\n\n<p>Hier sehen Sie das ausgearbeitete Ergebnis:<\/p>\n\n\n\n<div data-wp-interactive=\"\" class=\"wp-block-file\"><object data-wp-bind--hidden=\"!selectors.core.file.hasPdfPreview\" hidden class=\"wp-block-file__embed\" data=\"https:\/\/denis.bayer.pages.hak-schwaz.at\/wp-content\/uploads\/2024\/03\/Personaanalyse-Fabi.pdf\" type=\"application\/pdf\" style=\"width:100%;height:600px\" aria-label=\"Embed of Personaanalyse-Fabi.\"><\/object><a id=\"wp-block-file--media-31e595c7-8eef-4446-9f60-7e809770f8fb\" href=\"https:\/\/denis.bayer.pages.hak-schwaz.at\/wp-content\/uploads\/2024\/03\/Personaanalyse-Fabi.pdf\">Personaanalyse-Fabi<\/a><a href=\"https:\/\/denis.bayer.pages.hak-schwaz.at\/wp-content\/uploads\/2024\/03\/Personaanalyse-Fabi.pdf\" class=\"wp-block-file__button wp-element-button\" download aria-describedby=\"wp-block-file--media-31e595c7-8eef-4446-9f60-7e809770f8fb\">Download<\/a><\/div>\n\n\n\n<h3 class=\"wp-block-heading\">SWOT &#8211; Matrix<\/h3>\n\n\n\n<p>Hier haben wir eine SWOT &#8211; Matrix bez\u00fcglich der Risiken und Chancen eines internen und externen Podcasts der BHAK Schwaz erstellt. Wir stellen die Risiken und Chancen gegen\u00fcber und suchen Kompromisse. Dieses Tool hilft zur Risiko- und Chancen\u00fcbersicht und dann zur Entscheidungsfindung.<\/p>\n\n\n\n<p>Hier ist das Ergebnis: <\/p>\n\n\n\n<div data-wp-interactive=\"\" class=\"wp-block-file\"><object data-wp-bind--hidden=\"!selectors.core.file.hasPdfPreview\" hidden class=\"wp-block-file__embed\" data=\"https:\/\/denis.bayer.pages.hak-schwaz.at\/wp-content\/uploads\/2024\/03\/02_05_SWOT-Matrix-final-1.pdf\" type=\"application\/pdf\" style=\"width:100%;height:600px\" aria-label=\"Embed of 02_05_SWOT-Matrix-final-1.\"><\/object><a id=\"wp-block-file--media-8cf84923-86fa-4dfa-b683-fd7a314239f6\" href=\"https:\/\/denis.bayer.pages.hak-schwaz.at\/wp-content\/uploads\/2024\/03\/02_05_SWOT-Matrix-final-1.pdf\">02_05_SWOT-Matrix-final-1<\/a><a href=\"https:\/\/denis.bayer.pages.hak-schwaz.at\/wp-content\/uploads\/2024\/03\/02_05_SWOT-Matrix-final-1.pdf\" class=\"wp-block-file__button wp-element-button\" download aria-describedby=\"wp-block-file--media-8cf84923-86fa-4dfa-b683-fd7a314239f6\">Download<\/a><\/div>\n\n\n\n<h2 class=\"wp-block-heading\">Jahrgang 4\/Semester 2<\/h2>\n\n\n\n<h3 class=\"wp-block-heading\">Trends im Storytelling<\/h3>\n\n\n\n<p>Mit der Zeit \u00e4ndert sich auch das Storytelling generell. Gleich wie alle Dinge, so passt sich das Storytelling an verschiedene externe Faktoren an. Wir haben hier mittels einer PowerPoint &#8211; Pr\u00e4sentation den Teil der Trends im Storytelling gedeckt. Hier haben wir analysiert welche Trends existieren und wie sie das Storytelling beeinflussen, das haben wir dann also auch gelernt. <\/p>\n\n\n\n<p>Hier ist die Pr\u00e4sentation: <\/p>\n\n\n\n<div data-wp-interactive=\"\" class=\"wp-block-file\"><object data-wp-bind--hidden=\"!selectors.core.file.hasPdfPreview\" hidden class=\"wp-block-file__embed\" data=\"https:\/\/denis.bayer.pages.hak-schwaz.at\/wp-content\/uploads\/2024\/03\/storytelling_darius_denis_stefan_neu.pdf\" type=\"application\/pdf\" style=\"width:100%;height:600px\" aria-label=\"Embed of storytelling_darius_denis_stefan_neu.\"><\/object><a id=\"wp-block-file--media-8264b9da-b9ea-43d5-a550-4b2cc6ab25b7\" href=\"https:\/\/denis.bayer.pages.hak-schwaz.at\/wp-content\/uploads\/2024\/03\/storytelling_darius_denis_stefan_neu.pdf\">storytelling_darius_denis_stefan_neu<\/a><a href=\"https:\/\/denis.bayer.pages.hak-schwaz.at\/wp-content\/uploads\/2024\/03\/storytelling_darius_denis_stefan_neu.pdf\" class=\"wp-block-file__button wp-element-button\" download aria-describedby=\"wp-block-file--media-8264b9da-b9ea-43d5-a550-4b2cc6ab25b7\">Download<\/a><\/div>\n\n\n\n<h2 class=\"wp-block-heading\">Wie man sicher im Internet surft &#8211; Video<\/h2>\n\n\n\n<p>Wir drehten im Rahmen des Faches KOEA ein Video, in dem wir f\u00fcnf Tipps zum sicheren Surfen im Internet nennen und diese n\u00e4her erkl\u00e4ren. Das Video wurde mittels Adobe Premier Pro geschnitten und dann auf Tik Tok ver\u00f6ffentlicht. Wir versuchten die BHAK Schwaz durch seri\u00f6ses Auftreten zu vertreten und verl\u00e4ssliche Daten weiterzugeben.<\/p>\n\n\n\n<figure class=\"wp-block-embed is-type-video is-provider-youtube wp-block-embed-youtube wp-embed-aspect-16-9 wp-has-aspect-ratio\"><div class=\"wp-block-embed__wrapper\">\n<iframe loading=\"lazy\" title=\"TikTok Security Tips\" width=\"950\" height=\"534\" src=\"https:\/\/www.youtube.com\/embed\/mnmyS-yrwSg?feature=oembed\" frameborder=\"0\" allow=\"accelerometer; autoplay; clipboard-write; encrypted-media; gyroscope; picture-in-picture; web-share\" allowfullscreen><\/iframe>\n<\/div><\/figure>\n","protected":false},"excerpt":{"rendered":"<p>Persona-Analyse Um eine Zielgruppe n\u00e4her bestimmen zu k\u00f6nnen, erstellt man eine Persona. Diese haben Pers\u00f6nlichkeiten und Eigenschaften und dienen zur besseren Vorstellung der Kundenpr\u00e4ferenzen. Wir haben hier gelernt wie man eine solche Analyse durchf\u00fchrt. Die Inspiration erfolgte am Mitsch\u00fcler Fabian Neubacher. Hier sehen Sie das ausgearbeitete Ergebnis: SWOT &#8211; Matrix Hier haben wir eine SWOT &hellip; <\/p>\n<p class=\"link-more\"><a href=\"https:\/\/denis.bayer.pages.hak-schwaz.at\/?page_id=317\" class=\"more-link\">Read more<span class=\"screen-reader-text\"> &#8220;Jahrgang 4 KOEA&#8221;<\/span><\/a><\/p>\n","protected":false},"author":1,"featured_media":0,"parent":0,"menu_order":0,"comment_status":"closed","ping_status":"closed","template":"","meta":{"footnotes":""},"featured_media_urls":[],"_links":{"self":[{"href":"https:\/\/denis.bayer.pages.hak-schwaz.at\/index.php?rest_route=\/wp\/v2\/pages\/317"}],"collection":[{"href":"https:\/\/denis.bayer.pages.hak-schwaz.at\/index.php?rest_route=\/wp\/v2\/pages"}],"about":[{"href":"https:\/\/denis.bayer.pages.hak-schwaz.at\/index.php?rest_route=\/wp\/v2\/types\/page"}],"author":[{"embeddable":true,"href":"https:\/\/denis.bayer.pages.hak-schwaz.at\/index.php?rest_route=\/wp\/v2\/users\/1"}],"replies":[{"embeddable":true,"href":"https:\/\/denis.bayer.pages.hak-schwaz.at\/index.php?rest_route=%2Fwp%2Fv2%2Fcomments&post=317"}],"version-history":[{"count":9,"href":"https:\/\/denis.bayer.pages.hak-schwaz.at\/index.php?rest_route=\/wp\/v2\/pages\/317\/revisions"}],"predecessor-version":[{"id":693,"href":"https:\/\/denis.bayer.pages.hak-schwaz.at\/index.php?rest_route=\/wp\/v2\/pages\/317\/revisions\/693"}],"wp:attachment":[{"href":"https:\/\/denis.bayer.pages.hak-schwaz.at\/index.php?rest_route=%2Fwp%2Fv2%2Fmedia&parent=317"}],"curies":[{"name":"wp","href":"https:\/\/api.w.org\/{rel}","templated":true}]}}