{"id":315,"date":"2024-03-10T17:42:01","date_gmt":"2024-03-10T17:42:01","guid":{"rendered":"http:\/\/denis.bayer.pages.hak-schwaz.at\/?page_id=315"},"modified":"2024-03-14T20:25:57","modified_gmt":"2024-03-14T20:25:57","slug":"jahrgang-5-wop","status":"publish","type":"page","link":"https:\/\/denis.bayer.pages.hak-schwaz.at\/?page_id=315","title":{"rendered":"Jahrgang 5 WOP"},"content":{"rendered":"\n<h2 class=\"wp-block-heading\">Jahrgang 5\/Semester 1<\/h2>\n\n\n\n<h3 class=\"wp-block-heading\">Wissensmanagement<\/h3>\n\n\n\n<p>In diesem Arbeitsauftrag mussten wir eine PowerPoint &#8211; Pr\u00e4sentation erstellen, in der wir das Thema &#8220;Wissensmanagement&#8221; vorstellen. Wir erkl\u00e4rten den Begriff, die Gr\u00fcnde f\u00fcr die Nutzung, die Phasen und die Arten. Wir lernten also was Wissensmanagement bedeutet und wie man es anwenden k\u00f6nnte.<\/p>\n\n\n\n<p>Hier sehen Sie die Pr\u00e4sentation:<\/p>\n\n\n\n<div data-wp-interactive=\"\" class=\"wp-block-file\"><object data-wp-bind--hidden=\"!selectors.core.file.hasPdfPreview\" hidden class=\"wp-block-file__embed\" data=\"https:\/\/denis.bayer.pages.hak-schwaz.at\/wp-content\/uploads\/2024\/03\/Wissensmanagement.pdf\" type=\"application\/pdf\" style=\"width:100%;height:600px\" aria-label=\"Embed of Wissensmanagement.\"><\/object><a id=\"wp-block-file--media-50220dbf-a5c8-4803-bafb-612d43497344\" href=\"https:\/\/denis.bayer.pages.hak-schwaz.at\/wp-content\/uploads\/2024\/03\/Wissensmanagement.pdf\">Wissensmanagement<\/a><a href=\"https:\/\/denis.bayer.pages.hak-schwaz.at\/wp-content\/uploads\/2024\/03\/Wissensmanagement.pdf\" class=\"wp-block-file__button wp-element-button\" download aria-describedby=\"wp-block-file--media-50220dbf-a5c8-4803-bafb-612d43497344\">Download<\/a><\/div>\n\n\n\n<h3 class=\"wp-block-heading\">Der Autokratische F\u00fchrungsstil<\/h3>\n\n\n\n<p>Uns wurden hier verschiedene F\u00fchrungsstile zugewiesen. Wir mussten unseren zugewiesenen F\u00fchrungsstil in Form einer PowerPoint &#8211; Pr\u00e4sentation vorstellen. Wir mussten den autokratischen F\u00fchrungsstil pr\u00e4sentieren und erkl\u00e4rten die Bedeutung, Merkmale, Eigenschaften, wann man ihn einsetzen sollte und weshalb. <\/p>\n\n\n\n<p>Hier ist die Pr\u00e4sentation:<\/p>\n\n\n\n<div data-wp-interactive=\"\" class=\"wp-block-file\"><object data-wp-bind--hidden=\"!selectors.core.file.hasPdfPreview\" hidden class=\"wp-block-file__embed\" data=\"https:\/\/denis.bayer.pages.hak-schwaz.at\/wp-content\/uploads\/2024\/03\/Der-autokratische-Fuhrungsstil.pdf\" type=\"application\/pdf\" style=\"width:100%;height:600px\" aria-label=\"Embed of Der-autokratische-Fuhrungsstil.\"><\/object><a id=\"wp-block-file--media-9cf6598e-988c-4a9c-8f67-2f2524524735\" href=\"https:\/\/denis.bayer.pages.hak-schwaz.at\/wp-content\/uploads\/2024\/03\/Der-autokratische-Fuhrungsstil.pdf\">Der-autokratische-Fuhrungsstil<\/a><a href=\"https:\/\/denis.bayer.pages.hak-schwaz.at\/wp-content\/uploads\/2024\/03\/Der-autokratische-Fuhrungsstil.pdf\" class=\"wp-block-file__button wp-element-button\" download aria-describedby=\"wp-block-file--media-9cf6598e-988c-4a9c-8f67-2f2524524735\">Download<\/a><\/div>\n\n\n\n<h2 class=\"wp-block-heading\">Jahrgang 5\/Semester 2<\/h2>\n\n\n\n<h3 class=\"wp-block-heading\">Die Psychologie der Gruppe<\/h3>\n\n\n\n<p>In diesem Arbeitsauftrag analysierten wir die Psychologie innerhalb einer Gruppe. Wir mussten Begriffe wie Gruppenkoh\u00e4sion, K\u00f6hlermann- und Ringelmanneffekt erkl\u00e4ren und genauer anf\u00fchren. Im Gro\u00dfen und Ganzen analysierten wir positive und negative Effekte innerhalb einer Gruppe. Des Weiteren untersuchten wir wie eine Gruppe bzw. ein Team effizient arbeiten kann.<\/p>\n\n\n\n<p>Hier ist das Dokument:<\/p>\n\n\n\n<div data-wp-interactive=\"\" class=\"wp-block-file\"><object data-wp-bind--hidden=\"!selectors.core.file.hasPdfPreview\" hidden class=\"wp-block-file__embed\" data=\"https:\/\/denis.bayer.pages.hak-schwaz.at\/wp-content\/uploads\/2024\/03\/AA-Psychologie-der-Gruppe.pdf\" type=\"application\/pdf\" style=\"width:100%;height:600px\" aria-label=\"Embed of AA-Psychologie-der-Gruppe.\"><\/object><a id=\"wp-block-file--media-48488c0e-fda9-47a0-8c55-8238df807fa0\" href=\"https:\/\/denis.bayer.pages.hak-schwaz.at\/wp-content\/uploads\/2024\/03\/AA-Psychologie-der-Gruppe.pdf\">AA-Psychologie-der-Gruppe<\/a><a href=\"https:\/\/denis.bayer.pages.hak-schwaz.at\/wp-content\/uploads\/2024\/03\/AA-Psychologie-der-Gruppe.pdf\" class=\"wp-block-file__button wp-element-button\" download aria-describedby=\"wp-block-file--media-48488c0e-fda9-47a0-8c55-8238df807fa0\">Download<\/a><\/div>\n\n\n\n<h3 class=\"wp-block-heading\">Teamarbeit &#8211; Flyer<\/h3>\n\n\n\n<p>Hier war es die Aufgabe entweder einen Flyer oder ein Video bez\u00fcglich Teamarbeit zu erstellen. Ich habe mich f\u00fcr den Flyer entschieden, da ich diesen als unaufwendiger empfand. Ich analysierte wie Teamarbeit funktionieren kann, welche Kriterien es gibt, Teamarbeit generell und die F\u00f6rderung der Teamarbeit.<\/p>\n\n\n\n<p>Hier sehen Sie den fertigen Flyer: <\/p>\n\n\n\n<div data-wp-interactive=\"\" class=\"wp-block-file\"><object data-wp-bind--hidden=\"!selectors.core.file.hasPdfPreview\" hidden class=\"wp-block-file__embed\" data=\"https:\/\/denis.bayer.pages.hak-schwaz.at\/wp-content\/uploads\/2024\/03\/Flyer.pdf\" type=\"application\/pdf\" style=\"width:100%;height:600px\" aria-label=\"Embed of Flyer.\"><\/object><a id=\"wp-block-file--media-eaa7269e-e0bb-4b82-bb89-02df3f0d417f\" href=\"https:\/\/denis.bayer.pages.hak-schwaz.at\/wp-content\/uploads\/2024\/03\/Flyer.pdf\">Flyer<\/a><a href=\"https:\/\/denis.bayer.pages.hak-schwaz.at\/wp-content\/uploads\/2024\/03\/Flyer.pdf\" class=\"wp-block-file__button wp-element-button\" download aria-describedby=\"wp-block-file--media-eaa7269e-e0bb-4b82-bb89-02df3f0d417f\">Download<\/a><\/div>\n","protected":false},"excerpt":{"rendered":"<p>Jahrgang 5\/Semester 1 Wissensmanagement In diesem Arbeitsauftrag mussten wir eine PowerPoint &#8211; Pr\u00e4sentation erstellen, in der wir das Thema &#8220;Wissensmanagement&#8221; vorstellen. Wir erkl\u00e4rten den Begriff, die Gr\u00fcnde f\u00fcr die Nutzung, die Phasen und die Arten. Wir lernten also was Wissensmanagement bedeutet und wie man es anwenden k\u00f6nnte. Hier sehen Sie die Pr\u00e4sentation: Der Autokratische F\u00fchrungsstil &hellip; <\/p>\n<p class=\"link-more\"><a href=\"https:\/\/denis.bayer.pages.hak-schwaz.at\/?page_id=315\" class=\"more-link\">Read more<span class=\"screen-reader-text\"> &#8220;Jahrgang 5 WOP&#8221;<\/span><\/a><\/p>\n","protected":false},"author":1,"featured_media":0,"parent":0,"menu_order":0,"comment_status":"closed","ping_status":"closed","template":"","meta":{"footnotes":""},"featured_media_urls":[],"_links":{"self":[{"href":"https:\/\/denis.bayer.pages.hak-schwaz.at\/index.php?rest_route=\/wp\/v2\/pages\/315"}],"collection":[{"href":"https:\/\/denis.bayer.pages.hak-schwaz.at\/index.php?rest_route=\/wp\/v2\/pages"}],"about":[{"href":"https:\/\/denis.bayer.pages.hak-schwaz.at\/index.php?rest_route=\/wp\/v2\/types\/page"}],"author":[{"embeddable":true,"href":"https:\/\/denis.bayer.pages.hak-schwaz.at\/index.php?rest_route=\/wp\/v2\/users\/1"}],"replies":[{"embeddable":true,"href":"https:\/\/denis.bayer.pages.hak-schwaz.at\/index.php?rest_route=%2Fwp%2Fv2%2Fcomments&post=315"}],"version-history":[{"count":8,"href":"https:\/\/denis.bayer.pages.hak-schwaz.at\/index.php?rest_route=\/wp\/v2\/pages\/315\/revisions"}],"predecessor-version":[{"id":696,"href":"https:\/\/denis.bayer.pages.hak-schwaz.at\/index.php?rest_route=\/wp\/v2\/pages\/315\/revisions\/696"}],"wp:attachment":[{"href":"https:\/\/denis.bayer.pages.hak-schwaz.at\/index.php?rest_route=%2Fwp%2Fv2%2Fmedia&parent=315"}],"curies":[{"name":"wp","href":"https:\/\/api.w.org\/{rel}","templated":true}]}}