{"id":313,"date":"2024-03-10T17:41:49","date_gmt":"2024-03-10T17:41:49","guid":{"rendered":"http:\/\/denis.bayer.pages.hak-schwaz.at\/?page_id=313"},"modified":"2024-03-14T20:30:31","modified_gmt":"2024-03-14T20:30:31","slug":"jahrgang-4-wop","status":"publish","type":"page","link":"https:\/\/denis.bayer.pages.hak-schwaz.at\/?page_id=313","title":{"rendered":"Jahrgang 4 WOP"},"content":{"rendered":"\n<h2 class=\"wp-block-heading\">Jahrgang 4\/Semester 1<\/h2>\n\n\n\n<h3 class=\"wp-block-heading\">Farbwirkung bei Handelswaren<\/h3>\n\n\n\n<p>Hier erstellten wir eine PowerPoint- Pr\u00e4sentation bez\u00fcglich der Auswirkungen von Farben im Marketing beziehungsweise bei Darstellung von Handelswaren. Ich verglich in diesem Beispiel eine gew\u00f6hnliche Couch und wie ein normaler Farbhintergrund die gesamte Auffassung des Produktes ver\u00e4ndern kann. Am Ende der Pr\u00e4sentation habe ich noch verbal eine Umfrage get\u00e4tigt, die zeigen sollte, wie sich Farben im Endeffekt praktisch auswirken.<\/p>\n\n\n\n<p>Hier sehen Sie die Pr\u00e4sentation:<\/p>\n\n\n\n<div data-wp-interactive=\"\" class=\"wp-block-file\"><object data-wp-bind--hidden=\"!selectors.core.file.hasPdfPreview\" hidden class=\"wp-block-file__embed\" data=\"https:\/\/denis.bayer.pages.hak-schwaz.at\/wp-content\/uploads\/2024\/03\/Farbwirkung-bei-Handelswaren.pdf\" type=\"application\/pdf\" style=\"width:100%;height:600px\" aria-label=\"Embed of Farbwirkung-bei-Handelswaren.\"><\/object><a id=\"wp-block-file--media-2bc40f4a-c73a-4c63-8ab5-0efa19595bea\" href=\"https:\/\/denis.bayer.pages.hak-schwaz.at\/wp-content\/uploads\/2024\/03\/Farbwirkung-bei-Handelswaren.pdf\">Farbwirkung-bei-Handelswaren<\/a><a href=\"https:\/\/denis.bayer.pages.hak-schwaz.at\/wp-content\/uploads\/2024\/03\/Farbwirkung-bei-Handelswaren.pdf\" class=\"wp-block-file__button wp-element-button\" download aria-describedby=\"wp-block-file--media-2bc40f4a-c73a-4c63-8ab5-0efa19595bea\">Download<\/a><\/div>\n\n\n\n<h3 class=\"wp-block-heading\">Handout &#8211; Film Datenschutz und Nutzung von Medien<\/h3>\n\n\n\n<p>Hier erstellte ich ein Handout bez\u00fcglich eines Filmes, den wir im Rahmen des WOP &#8211; Unterrichts geschaut haben. Der Film handelte haupts\u00e4chlich von China und die potenzielle \u00dcberwachung durch ein KI &#8211; System. Diesen Film habe ich dann in &#8220;Aufgabe 2&#8221; zusammengefasst und analysiert. Des Weiteren begann ich das Handout mit einer Reflexion meiner eigenen Mediennutzung. <\/p>\n\n\n\n<p>So sieht das Handout aus: <\/p>\n\n\n\n<div data-wp-interactive=\"\" class=\"wp-block-file\"><object data-wp-bind--hidden=\"!selectors.core.file.hasPdfPreview\" hidden class=\"wp-block-file__embed\" data=\"https:\/\/denis.bayer.pages.hak-schwaz.at\/wp-content\/uploads\/2024\/03\/WOP-10.01.2023.pdf\" type=\"application\/pdf\" style=\"width:100%;height:600px\" aria-label=\"Embed of WOP-10.01.2023.\"><\/object><a id=\"wp-block-file--media-39e27fff-e2b1-4b49-8399-a5ad6d9aa2d1\" href=\"https:\/\/denis.bayer.pages.hak-schwaz.at\/wp-content\/uploads\/2024\/03\/WOP-10.01.2023.pdf\">WOP-10.01.2023<\/a><a href=\"https:\/\/denis.bayer.pages.hak-schwaz.at\/wp-content\/uploads\/2024\/03\/WOP-10.01.2023.pdf\" class=\"wp-block-file__button wp-element-button\" download aria-describedby=\"wp-block-file--media-39e27fff-e2b1-4b49-8399-a5ad6d9aa2d1\">Download<\/a><\/div>\n\n\n\n<h2 class=\"wp-block-heading\">Jahrgang 4\/Semester 2<\/h2>\n\n\n\n<h3 class=\"wp-block-heading\">\u00d6sterreichische Post AG<\/h3>\n\n\n\n<p>Wir wurden beauftragt verschiedene Unternehmen vorzustellen, die Vorreiter im Bereich der Nachhaltigkeit sind. Wir w\u00e4hlten die \u00d6sterreichische Post AG und stellten die Geschichte und nachhaltigen Aspekte, sowie Ma\u00dfnahmen zur Nachhaltigkeit vor. Weiters nannten wir Ma\u00dfnahmen f\u00fcr die Mitarbeiterf\u00f6rderung &#8211; und entlohnung und eventuelle negative Aspekte des Mitarbeitermanagements. <\/p>\n\n\n\n<p>So sieht die Pr\u00e4sentation aus:<\/p>\n\n\n\n<div data-wp-interactive=\"\" class=\"wp-block-file\"><object data-wp-bind--hidden=\"!selectors.core.file.hasPdfPreview\" hidden class=\"wp-block-file__embed\" data=\"https:\/\/denis.bayer.pages.hak-schwaz.at\/wp-content\/uploads\/2024\/03\/Osterreichische-Post-AG.pdf\" type=\"application\/pdf\" style=\"width:100%;height:600px\" aria-label=\"Embed of Osterreichische-Post-AG.\"><\/object><a id=\"wp-block-file--media-1aa00707-58ce-4585-980e-ab070477b8eb\" href=\"https:\/\/denis.bayer.pages.hak-schwaz.at\/wp-content\/uploads\/2024\/03\/Osterreichische-Post-AG.pdf\">Osterreichische-Post-AG<\/a><a href=\"https:\/\/denis.bayer.pages.hak-schwaz.at\/wp-content\/uploads\/2024\/03\/Osterreichische-Post-AG.pdf\" class=\"wp-block-file__button wp-element-button\" download aria-describedby=\"wp-block-file--media-1aa00707-58ce-4585-980e-ab070477b8eb\">Download<\/a><\/div>\n\n\n\n<h3 class=\"wp-block-heading\">Hornbach Werbespot<\/h3>\n\n\n\n<p>Wir hatten die Aufgabe einen Werbespot auszuw\u00e4hlen und diesen laut der AIDA &#8211; Formel zu analysieren. Wir analysieren die AIDA &#8211; Aspekte, Bildgestaltung(Kamerawinkel etc.), Tongestaltung(Musik etc.), den videografischen Schnitt und die sprachlichen Mittel (Slogan etc.). Diese Pr\u00e4sentation f\u00fchrten wir dann vor der Schulklasse auf. <\/p>\n\n\n\n<p>So sieht die Pr\u00e4sentation aus: <\/p>\n\n\n\n<div data-wp-interactive=\"\" class=\"wp-block-file\"><object data-wp-bind--hidden=\"!selectors.core.file.hasPdfPreview\" hidden class=\"wp-block-file__embed\" data=\"https:\/\/denis.bayer.pages.hak-schwaz.at\/wp-content\/uploads\/2024\/03\/Hornbach-Werbung.pdf\" type=\"application\/pdf\" style=\"width:100%;height:600px\" aria-label=\"Embed of Hornbach-Werbung.\"><\/object><a id=\"wp-block-file--media-e5e25b88-8119-434e-bb40-54a6e8a831d7\" href=\"https:\/\/denis.bayer.pages.hak-schwaz.at\/wp-content\/uploads\/2024\/03\/Hornbach-Werbung.pdf\">Hornbach-Werbung<\/a><a href=\"https:\/\/denis.bayer.pages.hak-schwaz.at\/wp-content\/uploads\/2024\/03\/Hornbach-Werbung.pdf\" class=\"wp-block-file__button wp-element-button\" download aria-describedby=\"wp-block-file--media-e5e25b88-8119-434e-bb40-54a6e8a831d7\">Download<\/a><\/div>\n","protected":false},"excerpt":{"rendered":"<p>Jahrgang 4\/Semester 1 Farbwirkung bei Handelswaren Hier erstellten wir eine PowerPoint- Pr\u00e4sentation bez\u00fcglich der Auswirkungen von Farben im Marketing beziehungsweise bei Darstellung von Handelswaren. Ich verglich in diesem Beispiel eine gew\u00f6hnliche Couch und wie ein normaler Farbhintergrund die gesamte Auffassung des Produktes ver\u00e4ndern kann. Am Ende der Pr\u00e4sentation habe ich noch verbal eine Umfrage get\u00e4tigt, &hellip; <\/p>\n<p class=\"link-more\"><a href=\"https:\/\/denis.bayer.pages.hak-schwaz.at\/?page_id=313\" class=\"more-link\">Read more<span class=\"screen-reader-text\"> &#8220;Jahrgang 4 WOP&#8221;<\/span><\/a><\/p>\n","protected":false},"author":1,"featured_media":0,"parent":0,"menu_order":0,"comment_status":"closed","ping_status":"closed","template":"","meta":{"footnotes":""},"featured_media_urls":[],"_links":{"self":[{"href":"https:\/\/denis.bayer.pages.hak-schwaz.at\/index.php?rest_route=\/wp\/v2\/pages\/313"}],"collection":[{"href":"https:\/\/denis.bayer.pages.hak-schwaz.at\/index.php?rest_route=\/wp\/v2\/pages"}],"about":[{"href":"https:\/\/denis.bayer.pages.hak-schwaz.at\/index.php?rest_route=\/wp\/v2\/types\/page"}],"author":[{"embeddable":true,"href":"https:\/\/denis.bayer.pages.hak-schwaz.at\/index.php?rest_route=\/wp\/v2\/users\/1"}],"replies":[{"embeddable":true,"href":"https:\/\/denis.bayer.pages.hak-schwaz.at\/index.php?rest_route=%2Fwp%2Fv2%2Fcomments&post=313"}],"version-history":[{"count":5,"href":"https:\/\/denis.bayer.pages.hak-schwaz.at\/index.php?rest_route=\/wp\/v2\/pages\/313\/revisions"}],"predecessor-version":[{"id":698,"href":"https:\/\/denis.bayer.pages.hak-schwaz.at\/index.php?rest_route=\/wp\/v2\/pages\/313\/revisions\/698"}],"wp:attachment":[{"href":"https:\/\/denis.bayer.pages.hak-schwaz.at\/index.php?rest_route=%2Fwp%2Fv2%2Fmedia&parent=313"}],"curies":[{"name":"wp","href":"https:\/\/api.w.org\/{rel}","templated":true}]}}