{"id":311,"date":"2024-03-10T17:41:20","date_gmt":"2024-03-10T17:41:20","guid":{"rendered":"http:\/\/denis.bayer.pages.hak-schwaz.at\/?page_id=311"},"modified":"2024-03-13T22:10:32","modified_gmt":"2024-03-13T22:10:32","slug":"jahrgang-3-wop","status":"publish","type":"page","link":"https:\/\/denis.bayer.pages.hak-schwaz.at\/?page_id=311","title":{"rendered":"Jahrgang 3 WOP"},"content":{"rendered":"\n<h2 class=\"wp-block-heading\">Jahrgang 3\/Semester 2<\/h2>\n\n\n\n<h3 class=\"wp-block-heading\">Angstst\u00f6rungen<\/h3>\n\n\n\n<p>Wir wurden damit beauftragt eine Pr\u00e4sentation bez\u00fcglich verschiedener psychischen Erkrankungen zu erstellen. Diesbez\u00fcglich haben wir ein Handout erstellt. Uns wurde das Thema &#8220;Angstst\u00f6rungen&#8221; zugewiesen. Wir recherchierten im Internet und erstellen eine Word-Datei, die unsere Pr\u00e4sentation zusammenfasst. Wir behandelten die Definition, Symptome, Ursachen und schlussendlich die Behandlung dieser Erkrankung.<\/p>\n\n\n\n<p>So sieht das Handout aus: <\/p>\n\n\n\n<div data-wp-interactive=\"\" class=\"wp-block-file\"><object data-wp-bind--hidden=\"!selectors.core.file.hasPdfPreview\" hidden class=\"wp-block-file__embed\" data=\"https:\/\/denis.bayer.pages.hak-schwaz.at\/wp-content\/uploads\/2024\/03\/Handout-Angststorungen.pdf\" type=\"application\/pdf\" style=\"width:100%;height:600px\" aria-label=\"Embed of Handout-Angststorungen.\"><\/object><a id=\"wp-block-file--media-9479dd4c-7c1c-4915-90f7-dc6a649bf4f7\" href=\"https:\/\/denis.bayer.pages.hak-schwaz.at\/wp-content\/uploads\/2024\/03\/Handout-Angststorungen.pdf\">Handout-Angststorungen<\/a><a href=\"https:\/\/denis.bayer.pages.hak-schwaz.at\/wp-content\/uploads\/2024\/03\/Handout-Angststorungen.pdf\" class=\"wp-block-file__button wp-element-button\" download aria-describedby=\"wp-block-file--media-9479dd4c-7c1c-4915-90f7-dc6a649bf4f7\">Download<\/a><\/div>\n\n\n\n<h2 class=\"wp-block-heading\">Jahrgang 3\/Semester 2<\/h2>\n\n\n\n<h3 class=\"wp-block-heading\">Wien im Jahr 1900 &#8211; PowerPoint<\/h3>\n\n\n\n<p>Hier wurden wir beauftragt Wien rund um 1900 zu beschreiben. Wir bearbeiteten gesellschaftliche, kulturelle und entwickelnde Aspekte der damaligen Zeit. Diese PowerPoint &#8211; Pr\u00e4sentation mussten wir dann vor der Schulklasse vortragen und war dann Teil unserer Gesamtnote. Wir lernten diese Epoche mithilfe dieser Pr\u00e4sentation kennen.<\/p>\n\n\n\n<p>So sieht die fertige Pr\u00e4sentation aus:<\/p>\n\n\n\n<div data-wp-interactive=\"\" class=\"wp-block-file\"><object data-wp-bind--hidden=\"!selectors.core.file.hasPdfPreview\" hidden class=\"wp-block-file__embed\" data=\"https:\/\/denis.bayer.pages.hak-schwaz.at\/wp-content\/uploads\/2024\/03\/Wien-im-Jahr1900-1.pdf\" type=\"application\/pdf\" style=\"width:100%;height:600px\" aria-label=\"Embed of Wien-im-Jahr1900-1.\"><\/object><a id=\"wp-block-file--media-a3ba5c50-a3e7-49f3-b38f-af5de0752f8c\" href=\"https:\/\/denis.bayer.pages.hak-schwaz.at\/wp-content\/uploads\/2024\/03\/Wien-im-Jahr1900-1.pdf\">Wien-im-Jahr1900-1<\/a><a href=\"https:\/\/denis.bayer.pages.hak-schwaz.at\/wp-content\/uploads\/2024\/03\/Wien-im-Jahr1900-1.pdf\" class=\"wp-block-file__button wp-element-button\" download aria-describedby=\"wp-block-file--media-a3ba5c50-a3e7-49f3-b38f-af5de0752f8c\">Download<\/a><\/div>\n\n\n\n<h3 class=\"wp-block-heading\">Wien im Jahr 1900 &#8211; Handout<\/h3>\n\n\n\n<p>Hier mussten wir bez\u00fcglich der vorherigen Aufgabe ein Handout f\u00fcr Wien um 1900 erstellen. Hier sprachen wir erneut die Gesellschaft, Kultur und Entwicklung an. <\/p>\n\n\n\n<p>So sieht das fertige Ergebnis aus: <\/p>\n\n\n\n<div data-wp-interactive=\"\" class=\"wp-block-file\"><object data-wp-bind--hidden=\"!selectors.core.file.hasPdfPreview\" hidden class=\"wp-block-file__embed\" data=\"https:\/\/denis.bayer.pages.hak-schwaz.at\/wp-content\/uploads\/2024\/03\/Handout-WOP.pdf\" type=\"application\/pdf\" style=\"width:100%;height:600px\" aria-label=\"Embed of Handout-WOP.\"><\/object><a id=\"wp-block-file--media-7822e1f5-2a1f-4590-b04f-9bf1d686f76a\" href=\"https:\/\/denis.bayer.pages.hak-schwaz.at\/wp-content\/uploads\/2024\/03\/Handout-WOP.pdf\">Handout-WOP<\/a><a href=\"https:\/\/denis.bayer.pages.hak-schwaz.at\/wp-content\/uploads\/2024\/03\/Handout-WOP.pdf\" class=\"wp-block-file__button wp-element-button\" download aria-describedby=\"wp-block-file--media-7822e1f5-2a1f-4590-b04f-9bf1d686f76a\">Download<\/a><\/div>\n\n\n\n<h3 class=\"wp-block-heading\">Arbeitspsychologie<\/h3>\n\n\n\n<p>Unsere Aufgabe war es hier unseren Mitsch\u00fclern das Thema &#8220;Arbeitspsychologie&#8221; n\u00e4her zu bringen. Wir hoben einige Aspekte heraus und stellten sie vor. Wir sprachen von der Arbeitsanalyse, Arbeitszufriedenheit, Beanspruchung am Arbeitsplatz, Arbeitssicherheit und der Gruppenarbeit generell. Unser Ziel war es, dass unsere Mitsch\u00fcler, das Thema ohne fremde Hilfe widergeben k\u00f6nnen. <\/p>\n\n\n\n<p>Hier sehen Sie die Pr\u00e4sentation: <\/p>\n\n\n\n<div data-wp-interactive=\"\" class=\"wp-block-file\"><object data-wp-bind--hidden=\"!selectors.core.file.hasPdfPreview\" hidden class=\"wp-block-file__embed\" data=\"https:\/\/denis.bayer.pages.hak-schwaz.at\/wp-content\/uploads\/2024\/03\/Employment-Agency-XL-by-Slidesgo.pdf\" type=\"application\/pdf\" style=\"width:100%;height:600px\" aria-label=\"Embed of Employment-Agency-XL-by-Slidesgo.\"><\/object><a id=\"wp-block-file--media-25b5f80f-5bca-48a8-b7be-863cb70f42b8\" href=\"https:\/\/denis.bayer.pages.hak-schwaz.at\/wp-content\/uploads\/2024\/03\/Employment-Agency-XL-by-Slidesgo.pdf\">Employment-Agency-XL-by-Slidesgo<\/a><a href=\"https:\/\/denis.bayer.pages.hak-schwaz.at\/wp-content\/uploads\/2024\/03\/Employment-Agency-XL-by-Slidesgo.pdf\" class=\"wp-block-file__button wp-element-button\" download aria-describedby=\"wp-block-file--media-25b5f80f-5bca-48a8-b7be-863cb70f42b8\">Download<\/a><\/div>\n","protected":false},"excerpt":{"rendered":"<p>Jahrgang 3\/Semester 2 Angstst\u00f6rungen Wir wurden damit beauftragt eine Pr\u00e4sentation bez\u00fcglich verschiedener psychischen Erkrankungen zu erstellen. Diesbez\u00fcglich haben wir ein Handout erstellt. Uns wurde das Thema &#8220;Angstst\u00f6rungen&#8221; zugewiesen. Wir recherchierten im Internet und erstellen eine Word-Datei, die unsere Pr\u00e4sentation zusammenfasst. Wir behandelten die Definition, Symptome, Ursachen und schlussendlich die Behandlung dieser Erkrankung. So sieht das &hellip; <\/p>\n<p class=\"link-more\"><a href=\"https:\/\/denis.bayer.pages.hak-schwaz.at\/?page_id=311\" class=\"more-link\">Read more<span class=\"screen-reader-text\"> &#8220;Jahrgang 3 WOP&#8221;<\/span><\/a><\/p>\n","protected":false},"author":1,"featured_media":0,"parent":0,"menu_order":0,"comment_status":"closed","ping_status":"closed","template":"","meta":{"footnotes":""},"featured_media_urls":[],"_links":{"self":[{"href":"https:\/\/denis.bayer.pages.hak-schwaz.at\/index.php?rest_route=\/wp\/v2\/pages\/311"}],"collection":[{"href":"https:\/\/denis.bayer.pages.hak-schwaz.at\/index.php?rest_route=\/wp\/v2\/pages"}],"about":[{"href":"https:\/\/denis.bayer.pages.hak-schwaz.at\/index.php?rest_route=\/wp\/v2\/types\/page"}],"author":[{"embeddable":true,"href":"https:\/\/denis.bayer.pages.hak-schwaz.at\/index.php?rest_route=\/wp\/v2\/users\/1"}],"replies":[{"embeddable":true,"href":"https:\/\/denis.bayer.pages.hak-schwaz.at\/index.php?rest_route=%2Fwp%2Fv2%2Fcomments&post=311"}],"version-history":[{"count":5,"href":"https:\/\/denis.bayer.pages.hak-schwaz.at\/index.php?rest_route=\/wp\/v2\/pages\/311\/revisions"}],"predecessor-version":[{"id":610,"href":"https:\/\/denis.bayer.pages.hak-schwaz.at\/index.php?rest_route=\/wp\/v2\/pages\/311\/revisions\/610"}],"wp:attachment":[{"href":"https:\/\/denis.bayer.pages.hak-schwaz.at\/index.php?rest_route=%2Fwp%2Fv2%2Fmedia&parent=311"}],"curies":[{"name":"wp","href":"https:\/\/api.w.org\/{rel}","templated":true}]}}