{"id":307,"date":"2024-03-10T17:40:31","date_gmt":"2024-03-10T17:40:31","guid":{"rendered":"http:\/\/denis.bayer.pages.hak-schwaz.at\/?page_id=307"},"modified":"2024-03-14T20:39:12","modified_gmt":"2024-03-14T20:39:12","slug":"jahrgang-3-ntma","status":"publish","type":"page","link":"https:\/\/denis.bayer.pages.hak-schwaz.at\/?page_id=307","title":{"rendered":"Jahrgang 3 NTMA"},"content":{"rendered":"\n<h2 class=\"wp-block-heading\">Jahrgang 3\/Semester 1<\/h2>\n\n\n\n<h3 class=\"wp-block-heading\">IP &#8211; Adressen und Subnetze<\/h3>\n\n\n\n<p>Hier war es die Aufgabe die wichtigsten Grundbegriffe der Netzwerktechnologie so widerzugeben, dass selbst Laien sie verstehen w\u00fcrden. Ich beschrieb MAC &#8211; Adressen, IP- Adressen und einiges mehr. <\/p>\n\n\n\n<p>Das Ergebnis sieht so aus:<\/p>\n\n\n\n<div data-wp-interactive=\"\" class=\"wp-block-file\"><object data-wp-bind--hidden=\"!selectors.core.file.hasPdfPreview\" hidden class=\"wp-block-file__embed\" data=\"https:\/\/denis.bayer.pages.hak-schwaz.at\/wp-content\/uploads\/2024\/03\/NMTA-AA-13.12.21.pdf\" type=\"application\/pdf\" style=\"width:100%;height:600px\" aria-label=\"Embed of NMTA-AA-13.12.21.\"><\/object><a id=\"wp-block-file--media-1c0c3ca9-279e-4102-b3b6-82c8a3ffd86e\" href=\"https:\/\/denis.bayer.pages.hak-schwaz.at\/wp-content\/uploads\/2024\/03\/NMTA-AA-13.12.21.pdf\">NMTA-AA-13.12.21<\/a><a href=\"https:\/\/denis.bayer.pages.hak-schwaz.at\/wp-content\/uploads\/2024\/03\/NMTA-AA-13.12.21.pdf\" class=\"wp-block-file__button wp-element-button\" download aria-describedby=\"wp-block-file--media-1c0c3ca9-279e-4102-b3b6-82c8a3ffd86e\">Download<\/a><\/div>\n\n\n\n<h3 class=\"wp-block-heading\">Filler<\/h3>\n\n\n\n<p>Hier war es die Aufgabe ein eindimensionales Bild eines Netzwerkes aufzubauen, das so in der echten Welt existieren k\u00f6nnte. Wir arbeiteten hier mit Routern, Access &#8211; Points und verschiedenen Computern und erstellten es in Paint.<\/p>\n\n\n\n<p>So sieht das Endergebnis aus: <\/p>\n\n\n\n<div data-wp-interactive=\"\" class=\"wp-block-file\"><object data-wp-bind--hidden=\"!selectors.core.file.hasPdfPreview\" hidden class=\"wp-block-file__embed\" data=\"https:\/\/denis.bayer.pages.hak-schwaz.at\/wp-content\/uploads\/2024\/03\/Zeichnung-Netzwerkmodell.pdf\" type=\"application\/pdf\" style=\"width:100%;height:600px\" aria-label=\"Embed of Zeichnung-Netzwerkmodell.\"><\/object><a id=\"wp-block-file--media-8ce29f32-a2fe-4fe7-a756-3e629015b954\" href=\"https:\/\/denis.bayer.pages.hak-schwaz.at\/wp-content\/uploads\/2024\/03\/Zeichnung-Netzwerkmodell.pdf\">Zeichnung-Netzwerkmodell<\/a><a href=\"https:\/\/denis.bayer.pages.hak-schwaz.at\/wp-content\/uploads\/2024\/03\/Zeichnung-Netzwerkmodell.pdf\" class=\"wp-block-file__button wp-element-button\" download aria-describedby=\"wp-block-file--media-8ce29f32-a2fe-4fe7-a756-3e629015b954\">Download<\/a><\/div>\n\n\n\n<h2 class=\"wp-block-heading\">Jahrgang 3\/Semester 2<\/h2>\n\n\n\n<h3 class=\"wp-block-heading\">Cisco Packet Tracer<\/h3>\n\n\n\n<p>Hier mussten wir mit dem Werkzeug &#8220;Cisco Packet Tracer&#8221; ein digitales beziehungsweise fiktives Netzwerk erstellen und die Kommunikation zwischen den verschiedenen Partizipierenden \u00fcberpr\u00fcfen und falls n\u00f6tig erm\u00f6glichen. Der Cisco &#8211; Packet Tracer erm\u00f6glich den Set up von jeglichen Tr\u00e4gern eines internen sowie eines externen Netzwerkes. Dieses Tool simuliert ein fiktives Netzwerk.<\/p>\n\n\n\n<p>So sieht das Ergebnis aus:<\/p>\n\n\n\n<p> <\/p>\n\n\n\n<figure class=\"wp-block-image size-full\"><img loading=\"lazy\" decoding=\"async\" width=\"424\" height=\"411\" src=\"https:\/\/denis.bayer.pages.hak-schwaz.at\/wp-content\/uploads\/2024\/03\/Bild_2024-03-12_211410368.png\" alt=\"\" class=\"wp-image-532\" srcset=\"https:\/\/denis.bayer.pages.hak-schwaz.at\/wp-content\/uploads\/2024\/03\/Bild_2024-03-12_211410368.png 424w, https:\/\/denis.bayer.pages.hak-schwaz.at\/wp-content\/uploads\/2024\/03\/Bild_2024-03-12_211410368-300x291.png 300w\" sizes=\"(max-width: 424px) 100vw, 424px\" \/><\/figure>\n\n\n\n<p><\/p>\n\n\n\n<h3 class=\"wp-block-heading\">ISO &#8211; OSI Referenzmodell<\/h3>\n\n\n\n<p>Hier mussten wir eine Aufgabe bez\u00fcglich des ISO &#8211; OSI Referenzmodelles ausarbeiten. Wir mussten dieses erkl\u00e4ren und dann m\u00fcndlich erkl\u00e4ren k\u00f6nnen.<\/p>\n\n\n\n<p>Das ist die ausgearbeitete Datei:<\/p>\n\n\n\n<div data-wp-interactive=\"\" class=\"wp-block-file\"><object data-wp-bind--hidden=\"!selectors.core.file.hasPdfPreview\" hidden class=\"wp-block-file__embed\" data=\"https:\/\/denis.bayer.pages.hak-schwaz.at\/wp-content\/uploads\/2024\/03\/ISO-OSI-Modell.pdf\" type=\"application\/pdf\" style=\"width:100%;height:600px\" aria-label=\"Embed of ISO-OSI-Modell.\"><\/object><a id=\"wp-block-file--media-8f290481-8df5-4faf-9eee-0ca54246372d\" href=\"https:\/\/denis.bayer.pages.hak-schwaz.at\/wp-content\/uploads\/2024\/03\/ISO-OSI-Modell.pdf\">ISO-OSI-Modell<\/a><a href=\"https:\/\/denis.bayer.pages.hak-schwaz.at\/wp-content\/uploads\/2024\/03\/ISO-OSI-Modell.pdf\" class=\"wp-block-file__button wp-element-button\" download aria-describedby=\"wp-block-file--media-8f290481-8df5-4faf-9eee-0ca54246372d\">Download<\/a><\/div>\n","protected":false},"excerpt":{"rendered":"<p>Jahrgang 3\/Semester 1 IP &#8211; Adressen und Subnetze Hier war es die Aufgabe die wichtigsten Grundbegriffe der Netzwerktechnologie so widerzugeben, dass selbst Laien sie verstehen w\u00fcrden. Ich beschrieb MAC &#8211; Adressen, IP- Adressen und einiges mehr. Das Ergebnis sieht so aus: Filler Hier war es die Aufgabe ein eindimensionales Bild eines Netzwerkes aufzubauen, das so &hellip; <\/p>\n<p class=\"link-more\"><a href=\"https:\/\/denis.bayer.pages.hak-schwaz.at\/?page_id=307\" class=\"more-link\">Read more<span class=\"screen-reader-text\"> &#8220;Jahrgang 3 NTMA&#8221;<\/span><\/a><\/p>\n","protected":false},"author":1,"featured_media":0,"parent":0,"menu_order":0,"comment_status":"closed","ping_status":"closed","template":"","meta":{"footnotes":""},"featured_media_urls":[],"_links":{"self":[{"href":"https:\/\/denis.bayer.pages.hak-schwaz.at\/index.php?rest_route=\/wp\/v2\/pages\/307"}],"collection":[{"href":"https:\/\/denis.bayer.pages.hak-schwaz.at\/index.php?rest_route=\/wp\/v2\/pages"}],"about":[{"href":"https:\/\/denis.bayer.pages.hak-schwaz.at\/index.php?rest_route=\/wp\/v2\/types\/page"}],"author":[{"embeddable":true,"href":"https:\/\/denis.bayer.pages.hak-schwaz.at\/index.php?rest_route=\/wp\/v2\/users\/1"}],"replies":[{"embeddable":true,"href":"https:\/\/denis.bayer.pages.hak-schwaz.at\/index.php?rest_route=%2Fwp%2Fv2%2Fcomments&post=307"}],"version-history":[{"count":6,"href":"https:\/\/denis.bayer.pages.hak-schwaz.at\/index.php?rest_route=\/wp\/v2\/pages\/307\/revisions"}],"predecessor-version":[{"id":702,"href":"https:\/\/denis.bayer.pages.hak-schwaz.at\/index.php?rest_route=\/wp\/v2\/pages\/307\/revisions\/702"}],"wp:attachment":[{"href":"https:\/\/denis.bayer.pages.hak-schwaz.at\/index.php?rest_route=%2Fwp%2Fv2%2Fmedia&parent=307"}],"curies":[{"name":"wp","href":"https:\/\/api.w.org\/{rel}","templated":true}]}}