{"id":277,"date":"2024-03-10T16:55:42","date_gmt":"2024-03-10T16:55:42","guid":{"rendered":"http:\/\/denis.bayer.pages.hak-schwaz.at\/?page_id=277"},"modified":"2024-03-14T21:02:33","modified_gmt":"2024-03-14T21:02:33","slug":"jahrgang-3","status":"publish","type":"page","link":"https:\/\/denis.bayer.pages.hak-schwaz.at\/?page_id=277","title":{"rendered":"Jahrgang 3 MINF"},"content":{"rendered":"\n<h2 class=\"wp-block-heading\">Jahrgang 3\/Semester 1<\/h2>\n\n\n\n<p>Aufgabe war es verschiedene Zitate aus dem Internet zu suchen und diese dann mittels Adobe InDesign zu formatieren, w\u00e4hrend jedes einzelne Zitat ein eigenes Design bekam. Das gesamte Semester bezieht sich auf Adobe InDesign und den Umgang damit. Wir ben\u00f6tigten also Kenntnisse im Umgang i der generellen Umsetzung mittels InDesign<\/p>\n\n\n\n<p>Das Ergebnis sieht wie folgt aus: <\/p>\n\n\n\n<div data-wp-interactive=\"\" class=\"wp-block-file\"><object data-wp-bind--hidden=\"!selectors.core.file.hasPdfPreview\" hidden class=\"wp-block-file__embed\" data=\"https:\/\/denis.bayer.pages.hak-schwaz.at\/wp-content\/uploads\/2024\/03\/Zitate_Bayer.pdf\" type=\"application\/pdf\" style=\"width:100%;height:600px\" aria-label=\"Embed of Zitate_Bayer.\"><\/object><a id=\"wp-block-file--media-9acd49f3-7d65-494e-9a47-3214d9cc7531\" href=\"https:\/\/denis.bayer.pages.hak-schwaz.at\/wp-content\/uploads\/2024\/03\/Zitate_Bayer.pdf\">Zitate_Bayer<\/a><a href=\"https:\/\/denis.bayer.pages.hak-schwaz.at\/wp-content\/uploads\/2024\/03\/Zitate_Bayer.pdf\" class=\"wp-block-file__button wp-element-button\" download aria-describedby=\"wp-block-file--media-9acd49f3-7d65-494e-9a47-3214d9cc7531\">Download<\/a><\/div>\n\n\n\n<h3 class=\"wp-block-heading\">Visitenkarte<\/h3>\n\n\n\n<p>Hier wurden wir beauftragt eine Visitenkarte mittels Adobe InDesign zu kreieren. Die Vorderseite sollte das Logo, den Namen und den Slogan enthalten. Die R\u00fcckseite sollte fiktive Eckdaten enthalten. <\/p>\n\n\n\n<p>Das Ergebnis sieht wie folgt aus:<\/p>\n\n\n\n<div data-wp-interactive=\"\" class=\"wp-block-file\"><object data-wp-bind--hidden=\"!selectors.core.file.hasPdfPreview\" hidden class=\"wp-block-file__embed\" data=\"https:\/\/denis.bayer.pages.hak-schwaz.at\/wp-content\/uploads\/2024\/03\/INdesign-MINF-23.11.pdf\" type=\"application\/pdf\" style=\"width:100%;height:600px\" aria-label=\"Embed of INdesign-MINF-23.11.\"><\/object><a id=\"wp-block-file--media-169c0957-4a49-4681-aefe-36b3f625b33e\" href=\"https:\/\/denis.bayer.pages.hak-schwaz.at\/wp-content\/uploads\/2024\/03\/INdesign-MINF-23.11.pdf\">INdesign-MINF-23.11<\/a><a href=\"https:\/\/denis.bayer.pages.hak-schwaz.at\/wp-content\/uploads\/2024\/03\/INdesign-MINF-23.11.pdf\" class=\"wp-block-file__button wp-element-button\" download aria-describedby=\"wp-block-file--media-169c0957-4a49-4681-aefe-36b3f625b33e\">Download<\/a><\/div>\n\n\n\n<h2 class=\"wp-block-heading\">Jahrgang 3\/Semester 2<\/h2>\n\n\n\n<h2 class=\"wp-block-heading\">Absatzformate<\/h2>\n\n\n\n<p>Die Aufgabe war es mehrere Abs\u00e4tze mit verschiedenen Absatzformaten zu bearbeiten. Adobe InDesign liefert gleich wie Wort verschiedene Formatvorlagen zu kreieren. Dies haben wir dann f\u00fcr dieses Dokument getan. <\/p>\n\n\n\n<p>Das Ergebnis sieht wie folgt aus:<\/p>\n\n\n\n<div data-wp-interactive=\"\" class=\"wp-block-file\"><object data-wp-bind--hidden=\"!selectors.core.file.hasPdfPreview\" hidden class=\"wp-block-file__embed\" data=\"https:\/\/denis.bayer.pages.hak-schwaz.at\/wp-content\/uploads\/2024\/03\/Absatzformate_Bayer.pdf\" type=\"application\/pdf\" style=\"width:100%;height:600px\" aria-label=\"Embed of Absatzformate_Bayer.\"><\/object><a id=\"wp-block-file--media-d821a137-c4be-41a2-a8a5-075c66004304\" href=\"https:\/\/denis.bayer.pages.hak-schwaz.at\/wp-content\/uploads\/2024\/03\/Absatzformate_Bayer.pdf\">Absatzformate_Bayer<\/a><a href=\"https:\/\/denis.bayer.pages.hak-schwaz.at\/wp-content\/uploads\/2024\/03\/Absatzformate_Bayer.pdf\" class=\"wp-block-file__button wp-element-button\" download aria-describedby=\"wp-block-file--media-d821a137-c4be-41a2-a8a5-075c66004304\">Download<\/a><\/div>\n\n\n\n<h2 class=\"wp-block-heading\">Kalender<\/h2>\n\n\n\n<p>Aufgabe war es einen pers\u00f6nlichen Kalender f\u00fcr das Jahr 2023 zu erstellen. Ben\u00f6tigt haben wir Kenntnisse in Adobe InDesign. Mein Theme waren Tiere. <\/p>\n\n\n\n<p>Das Ergebnis sieht wie folgt aus: <\/p>\n\n\n\n<div data-wp-interactive=\"\" class=\"wp-block-file\"><object data-wp-bind--hidden=\"!selectors.core.file.hasPdfPreview\" hidden class=\"wp-block-file__embed\" data=\"https:\/\/denis.bayer.pages.hak-schwaz.at\/wp-content\/uploads\/2024\/03\/Kalender_Bayer.pdf\" type=\"application\/pdf\" style=\"width:100%;height:600px\" aria-label=\"Embed of Kalender_Bayer.\"><\/object><a id=\"wp-block-file--media-674dd6d0-c402-49a5-97ea-5dea9acb1547\" href=\"https:\/\/denis.bayer.pages.hak-schwaz.at\/wp-content\/uploads\/2024\/03\/Kalender_Bayer.pdf\">Kalender_Bayer<\/a><a href=\"https:\/\/denis.bayer.pages.hak-schwaz.at\/wp-content\/uploads\/2024\/03\/Kalender_Bayer.pdf\" class=\"wp-block-file__button wp-element-button\" download aria-describedby=\"wp-block-file--media-674dd6d0-c402-49a5-97ea-5dea9acb1547\">Download<\/a><\/div>\n","protected":false},"excerpt":{"rendered":"<p>Jahrgang 3\/Semester 1 Aufgabe war es verschiedene Zitate aus dem Internet zu suchen und diese dann mittels Adobe InDesign zu formatieren, w\u00e4hrend jedes einzelne Zitat ein eigenes Design bekam. Das gesamte Semester bezieht sich auf Adobe InDesign und den Umgang damit. Wir ben\u00f6tigten also Kenntnisse im Umgang i der generellen Umsetzung mittels InDesign Das Ergebnis &hellip; <\/p>\n<p class=\"link-more\"><a href=\"https:\/\/denis.bayer.pages.hak-schwaz.at\/?page_id=277\" class=\"more-link\">Read more<span class=\"screen-reader-text\"> &#8220;Jahrgang 3 MINF&#8221;<\/span><\/a><\/p>\n","protected":false},"author":1,"featured_media":0,"parent":0,"menu_order":0,"comment_status":"closed","ping_status":"closed","template":"","meta":{"footnotes":""},"featured_media_urls":[],"_links":{"self":[{"href":"https:\/\/denis.bayer.pages.hak-schwaz.at\/index.php?rest_route=\/wp\/v2\/pages\/277"}],"collection":[{"href":"https:\/\/denis.bayer.pages.hak-schwaz.at\/index.php?rest_route=\/wp\/v2\/pages"}],"about":[{"href":"https:\/\/denis.bayer.pages.hak-schwaz.at\/index.php?rest_route=\/wp\/v2\/types\/page"}],"author":[{"embeddable":true,"href":"https:\/\/denis.bayer.pages.hak-schwaz.at\/index.php?rest_route=\/wp\/v2\/users\/1"}],"replies":[{"embeddable":true,"href":"https:\/\/denis.bayer.pages.hak-schwaz.at\/index.php?rest_route=%2Fwp%2Fv2%2Fcomments&post=277"}],"version-history":[{"count":10,"href":"https:\/\/denis.bayer.pages.hak-schwaz.at\/index.php?rest_route=\/wp\/v2\/pages\/277\/revisions"}],"predecessor-version":[{"id":707,"href":"https:\/\/denis.bayer.pages.hak-schwaz.at\/index.php?rest_route=\/wp\/v2\/pages\/277\/revisions\/707"}],"wp:attachment":[{"href":"https:\/\/denis.bayer.pages.hak-schwaz.at\/index.php?rest_route=%2Fwp%2Fv2%2Fmedia&parent=277"}],"curies":[{"name":"wp","href":"https:\/\/api.w.org\/{rel}","templated":true}]}}