{"id":275,"date":"2024-03-10T16:55:33","date_gmt":"2024-03-10T16:55:33","guid":{"rendered":"http:\/\/denis.bayer.pages.hak-schwaz.at\/?page_id=275"},"modified":"2024-03-14T21:51:33","modified_gmt":"2024-03-14T21:51:33","slug":"jahrgang-2","status":"publish","type":"page","link":"https:\/\/denis.bayer.pages.hak-schwaz.at\/?page_id=275","title":{"rendered":"Jahrgang 2 MINF"},"content":{"rendered":"\n<h2 class=\"wp-block-heading\">Jahrgang 2\/Semester 1<\/h2>\n\n\n\n<h3 class=\"wp-block-heading\">Erstes Video in Premiere Pro<\/h3>\n\n\n\n<p>Der Schwerpunkt dieses Semesters liegt in der Videobearbeitung mit Adobe Premiere Pro. Hierbei handelt es sich um mein erstes Video, das ich zusammengeschnitten habe. Wir erhielten mehrere Videobestandteile, schnitten sie zusammen und blendeten einige visuelle Effekte ein.<\/p>\n\n\n\n<p>Hier sehen Sie das zusammengeschnittene Video: <\/p>\n\n\n\n<figure class=\"wp-block-embed is-type-video is-provider-youtube wp-block-embed-youtube wp-embed-aspect-16-9 wp-has-aspect-ratio\"><div class=\"wp-block-embed__wrapper\">\n<iframe loading=\"lazy\" title=\"Mein erstes Video in Premiere Pro\" width=\"950\" height=\"534\" src=\"https:\/\/www.youtube.com\/embed\/GNLK1b1d9fo?feature=oembed\" frameborder=\"0\" allow=\"accelerometer; autoplay; clipboard-write; encrypted-media; gyroscope; picture-in-picture; web-share\" allowfullscreen><\/iframe>\n<\/div><\/figure>\n\n\n\n<h3 class=\"wp-block-heading\">Stockfootage Montage<\/h3>\n\n\n\n<p>Hier war es die Aufgabe mehrere Videos von verschiedenen Open -source Websites herunterzuladen und sie dann zu einem Video zusammenzuf\u00fcgen. I w\u00e4hlte einige Videos von der Website &#8220;Pixabay&#8221; aus und schnitt sie zu einem Video zusammen. Mein Thema der Videos bezog sie auf die Natur. <\/p>\n\n\n\n<p>Hier sehen Sie das fertige Ergebnis: <\/p>\n\n\n\n<figure class=\"wp-block-embed is-type-video is-provider-youtube wp-block-embed-youtube wp-embed-aspect-16-9 wp-has-aspect-ratio\"><div class=\"wp-block-embed__wrapper\">\n<iframe loading=\"lazy\" title=\"Premiere Pro Montage\" width=\"950\" height=\"534\" src=\"https:\/\/www.youtube.com\/embed\/1ydz58LPsNc?feature=oembed\" frameborder=\"0\" allow=\"accelerometer; autoplay; clipboard-write; encrypted-media; gyroscope; picture-in-picture; web-share\" allowfullscreen><\/iframe>\n<\/div><\/figure>\n\n\n\n<h2 class=\"wp-block-heading\">Jahrgang 2\/Semester 2<\/h2>\n\n\n\n<h3 class=\"wp-block-heading\">Chor Video<\/h3>\n\n\n\n<p>Hier war es die Aufgabe ein fertiges Video f\u00fcr unseren Schulchor zu schneiden. Wir erhielten einige kleinere Videodateien und mussten diese zusammenf\u00fchren und visuell attraktiv gestalten. Wir arbeiteten hier mit Adobe Premiere Pro. Da es sich hier um einen Arbeitsauftrag handelt, der \u00fcber das gesamte Semester ging handelt, habe ich nur einen Beitrag f\u00fcr dieses Semester eingef\u00fcgt. <\/p>\n\n\n\n<figure class=\"wp-block-embed is-type-video is-provider-youtube wp-block-embed-youtube wp-embed-aspect-16-9 wp-has-aspect-ratio\"><div class=\"wp-block-embed__wrapper\">\n<iframe loading=\"lazy\" title=\"Chor Video\/HAK Schwaz\" width=\"950\" height=\"534\" src=\"https:\/\/www.youtube.com\/embed\/x283LEWMVyM?feature=oembed\" frameborder=\"0\" allow=\"accelerometer; autoplay; clipboard-write; encrypted-media; gyroscope; picture-in-picture; web-share\" allowfullscreen><\/iframe>\n<\/div><\/figure>\n","protected":false},"excerpt":{"rendered":"<p>Jahrgang 2\/Semester 1 Erstes Video in Premiere Pro Der Schwerpunkt dieses Semesters liegt in der Videobearbeitung mit Adobe Premiere Pro. Hierbei handelt es sich um mein erstes Video, das ich zusammengeschnitten habe. Wir erhielten mehrere Videobestandteile, schnitten sie zusammen und blendeten einige visuelle Effekte ein. Hier sehen Sie das zusammengeschnittene Video: Stockfootage Montage Hier war &hellip; <\/p>\n<p class=\"link-more\"><a href=\"https:\/\/denis.bayer.pages.hak-schwaz.at\/?page_id=275\" class=\"more-link\">Read more<span class=\"screen-reader-text\"> &#8220;Jahrgang 2 MINF&#8221;<\/span><\/a><\/p>\n","protected":false},"author":1,"featured_media":0,"parent":0,"menu_order":0,"comment_status":"closed","ping_status":"closed","template":"","meta":{"footnotes":""},"featured_media_urls":[],"_links":{"self":[{"href":"https:\/\/denis.bayer.pages.hak-schwaz.at\/index.php?rest_route=\/wp\/v2\/pages\/275"}],"collection":[{"href":"https:\/\/denis.bayer.pages.hak-schwaz.at\/index.php?rest_route=\/wp\/v2\/pages"}],"about":[{"href":"https:\/\/denis.bayer.pages.hak-schwaz.at\/index.php?rest_route=\/wp\/v2\/types\/page"}],"author":[{"embeddable":true,"href":"https:\/\/denis.bayer.pages.hak-schwaz.at\/index.php?rest_route=\/wp\/v2\/users\/1"}],"replies":[{"embeddable":true,"href":"https:\/\/denis.bayer.pages.hak-schwaz.at\/index.php?rest_route=%2Fwp%2Fv2%2Fcomments&post=275"}],"version-history":[{"count":7,"href":"https:\/\/denis.bayer.pages.hak-schwaz.at\/index.php?rest_route=\/wp\/v2\/pages\/275\/revisions"}],"predecessor-version":[{"id":712,"href":"https:\/\/denis.bayer.pages.hak-schwaz.at\/index.php?rest_route=\/wp\/v2\/pages\/275\/revisions\/712"}],"wp:attachment":[{"href":"https:\/\/denis.bayer.pages.hak-schwaz.at\/index.php?rest_route=%2Fwp%2Fv2%2Fmedia&parent=275"}],"curies":[{"name":"wp","href":"https:\/\/api.w.org\/{rel}","templated":true}]}}