{"id":271,"date":"2024-03-10T16:42:19","date_gmt":"2024-03-10T16:42:19","guid":{"rendered":"http:\/\/denis.bayer.pages.hak-schwaz.at\/?page_id=271"},"modified":"2024-03-14T21:52:27","modified_gmt":"2024-03-14T21:52:27","slug":"jahrgang-1","status":"publish","type":"page","link":"https:\/\/denis.bayer.pages.hak-schwaz.at\/?page_id=271","title":{"rendered":"Jahrgang 1 MINF"},"content":{"rendered":"\n<h2 class=\"wp-block-heading\">Jahrgang 1\/Semester 1<\/h2>\n\n\n\n<h3 class=\"wp-block-heading\">Gangfarbe<\/h3>\n\n\n\n<p>Hier bef\u00fcllten wir einen Rohentwurf eines Ganges mit Farbe. Die Farbpalette war individuell w\u00e4hlbar, w\u00e4hrend jeder Sch\u00fcler den gleichen Gang gef\u00e4rbt hat. Dies taten wir mit dem Adobe Programm &#8220;Photoshop&#8221;. Das gesamte Semester bzw. Schuljahr fokussiert sich n\u00e4mlich auf genau dieses Programm, sowie der Fotografie.<\/p>\n\n\n\n<p>Hier sehen Sie das fertige Ergebnis:<\/p>\n\n\n\n<figure class=\"wp-block-image size-full\"><img loading=\"lazy\" decoding=\"async\" width=\"327\" height=\"235\" src=\"https:\/\/denis.bayer.pages.hak-schwaz.at\/wp-content\/uploads\/2024\/03\/Bild_2024-03-14_163239851.png\" alt=\"\" class=\"wp-image-664\" srcset=\"https:\/\/denis.bayer.pages.hak-schwaz.at\/wp-content\/uploads\/2024\/03\/Bild_2024-03-14_163239851.png 327w, https:\/\/denis.bayer.pages.hak-schwaz.at\/wp-content\/uploads\/2024\/03\/Bild_2024-03-14_163239851-300x216.png 300w\" sizes=\"(max-width: 327px) 100vw, 327px\" \/><\/figure>\n\n\n\n<h2 class=\"wp-block-heading\">Jahrgang 1\/Semester 2<\/h2>\n\n\n\n<h3 class=\"wp-block-heading\">Fr\u00fchling trotz Corona<\/h3>\n\n\n\n<p>W\u00e4hrend der Corona-Pandemie wurden wir beauftragt im Rahmen des MINF &#8211; Unterrichts einige Fotos von der Natur zu schie\u00dfen und diese dann schlussendlich abzugeben. Ich entschloss mich Bilder von Blumen und einer Wiese zu machen, da ich diese Motive als sehr idyllisch empfand.<\/p>\n\n\n\n<p>Hier sehen Sie die Bilder:<\/p>\n\n\n\n<div class=\"wp-block-group is-nowrap is-layout-flex wp-container-core-group-layout-1 wp-block-group-is-layout-flex\">\n<figure class=\"wp-block-image size-large is-resized\"><img loading=\"lazy\" decoding=\"async\" width=\"1024\" height=\"1024\" src=\"https:\/\/denis.bayer.pages.hak-schwaz.at\/wp-content\/uploads\/2024\/03\/B06283E1-23DA-4E05-80FB-0460C6FAAF05-1024x1024.jpeg\" alt=\"\" class=\"wp-image-658\" style=\"width:532px;height:auto\" srcset=\"https:\/\/denis.bayer.pages.hak-schwaz.at\/wp-content\/uploads\/2024\/03\/B06283E1-23DA-4E05-80FB-0460C6FAAF05-1024x1024.jpeg 1024w, https:\/\/denis.bayer.pages.hak-schwaz.at\/wp-content\/uploads\/2024\/03\/B06283E1-23DA-4E05-80FB-0460C6FAAF05-300x300.jpeg 300w, https:\/\/denis.bayer.pages.hak-schwaz.at\/wp-content\/uploads\/2024\/03\/B06283E1-23DA-4E05-80FB-0460C6FAAF05-150x150.jpeg 150w, https:\/\/denis.bayer.pages.hak-schwaz.at\/wp-content\/uploads\/2024\/03\/B06283E1-23DA-4E05-80FB-0460C6FAAF05-2000x2000.jpeg 2000w, https:\/\/denis.bayer.pages.hak-schwaz.at\/wp-content\/uploads\/2024\/03\/B06283E1-23DA-4E05-80FB-0460C6FAAF05.jpeg 2048w\" sizes=\"(max-width: 1024px) 100vw, 1024px\" \/><\/figure>\n\n\n\n<figure class=\"wp-block-image size-large is-resized\"><img loading=\"lazy\" decoding=\"async\" width=\"1024\" height=\"1024\" src=\"https:\/\/denis.bayer.pages.hak-schwaz.at\/wp-content\/uploads\/2024\/03\/7222784F-9677-4D88-AB1A-BFFDBE6B0BF3-min-1024x1024.jpeg\" alt=\"\" class=\"wp-image-660\" style=\"width:535px;height:auto\" srcset=\"https:\/\/denis.bayer.pages.hak-schwaz.at\/wp-content\/uploads\/2024\/03\/7222784F-9677-4D88-AB1A-BFFDBE6B0BF3-min-1024x1024.jpeg 1024w, https:\/\/denis.bayer.pages.hak-schwaz.at\/wp-content\/uploads\/2024\/03\/7222784F-9677-4D88-AB1A-BFFDBE6B0BF3-min-300x300.jpeg 300w, https:\/\/denis.bayer.pages.hak-schwaz.at\/wp-content\/uploads\/2024\/03\/7222784F-9677-4D88-AB1A-BFFDBE6B0BF3-min-150x150.jpeg 150w, https:\/\/denis.bayer.pages.hak-schwaz.at\/wp-content\/uploads\/2024\/03\/7222784F-9677-4D88-AB1A-BFFDBE6B0BF3-min-2000x2000.jpeg 2000w\" sizes=\"(max-width: 1024px) 100vw, 1024px\" \/><\/figure>\n<\/div>\n\n\n\n<h3 class=\"wp-block-heading\">Collage<\/h3>\n\n\n\n<p>Hier war es die Aufgabe mittels Photoshop eine Collage zu erstellen, die all unsere bearbeiteten Bilder, die wir in MINF angepasst haben enth\u00e4lt. Ich nutzte eine \u00fcbersichtliche Einteilung der Bilder, w\u00e4hrend mein Lieblingsbild den gr\u00f6\u00dften Platz einnimmt. Wir ben\u00f6tigten also Kenntnisse in der Fotografie, sowie in Photoshop.<\/p>\n\n\n\n<p>Hier sehen Sie die Collage: <\/p>\n\n\n\n<figure class=\"wp-block-image aligncenter size-full is-resized\"><img loading=\"lazy\" decoding=\"async\" width=\"535\" height=\"385\" src=\"https:\/\/denis.bayer.pages.hak-schwaz.at\/wp-content\/uploads\/2024\/03\/Collage-Denis-Bayer.png\" alt=\"\" class=\"wp-image-654\" style=\"width:685px;height:auto\" srcset=\"https:\/\/denis.bayer.pages.hak-schwaz.at\/wp-content\/uploads\/2024\/03\/Collage-Denis-Bayer.png 535w, https:\/\/denis.bayer.pages.hak-schwaz.at\/wp-content\/uploads\/2024\/03\/Collage-Denis-Bayer-300x216.png 300w\" sizes=\"(max-width: 535px) 100vw, 535px\" \/><\/figure>\n","protected":false},"excerpt":{"rendered":"<p>Jahrgang 1\/Semester 1 Gangfarbe Hier bef\u00fcllten wir einen Rohentwurf eines Ganges mit Farbe. Die Farbpalette war individuell w\u00e4hlbar, w\u00e4hrend jeder Sch\u00fcler den gleichen Gang gef\u00e4rbt hat. Dies taten wir mit dem Adobe Programm &#8220;Photoshop&#8221;. Das gesamte Semester bzw. Schuljahr fokussiert sich n\u00e4mlich auf genau dieses Programm, sowie der Fotografie. Hier sehen Sie das fertige Ergebnis: &hellip; <\/p>\n<p class=\"link-more\"><a href=\"https:\/\/denis.bayer.pages.hak-schwaz.at\/?page_id=271\" class=\"more-link\">Read more<span class=\"screen-reader-text\"> &#8220;Jahrgang 1 MINF&#8221;<\/span><\/a><\/p>\n","protected":false},"author":1,"featured_media":0,"parent":0,"menu_order":0,"comment_status":"closed","ping_status":"closed","template":"","meta":{"footnotes":""},"featured_media_urls":[],"_links":{"self":[{"href":"https:\/\/denis.bayer.pages.hak-schwaz.at\/index.php?rest_route=\/wp\/v2\/pages\/271"}],"collection":[{"href":"https:\/\/denis.bayer.pages.hak-schwaz.at\/index.php?rest_route=\/wp\/v2\/pages"}],"about":[{"href":"https:\/\/denis.bayer.pages.hak-schwaz.at\/index.php?rest_route=\/wp\/v2\/types\/page"}],"author":[{"embeddable":true,"href":"https:\/\/denis.bayer.pages.hak-schwaz.at\/index.php?rest_route=\/wp\/v2\/users\/1"}],"replies":[{"embeddable":true,"href":"https:\/\/denis.bayer.pages.hak-schwaz.at\/index.php?rest_route=%2Fwp%2Fv2%2Fcomments&post=271"}],"version-history":[{"count":10,"href":"https:\/\/denis.bayer.pages.hak-schwaz.at\/index.php?rest_route=\/wp\/v2\/pages\/271\/revisions"}],"predecessor-version":[{"id":713,"href":"https:\/\/denis.bayer.pages.hak-schwaz.at\/index.php?rest_route=\/wp\/v2\/pages\/271\/revisions\/713"}],"wp:attachment":[{"href":"https:\/\/denis.bayer.pages.hak-schwaz.at\/index.php?rest_route=%2Fwp%2Fv2%2Fmedia&parent=271"}],"curies":[{"name":"wp","href":"https:\/\/api.w.org\/{rel}","templated":true}]}}